{"id":11,"date":"2017-09-12T13:52:21","date_gmt":"2017-09-12T13:52:21","guid":{"rendered":"http:\/\/www.kameradenkreis.eu\/?page_id=11"},"modified":"2017-10-01T11:53:28","modified_gmt":"2017-10-01T11:53:28","slug":"bdf","status":"publish","type":"page","link":"https:\/\/www.kameradenkreis.eu\/?page_id=11","title":{"rendered":"Bund Deutscher Fallschirmj\u00e4ger"},"content":{"rendered":"<h1>Ziele und Aufgaben BDF<\/h1>\n<p>Der <a href=\"http:\/\/www.fschjgbund.de\/\" target=\"_blank\" rel=\"noopener\">Bund Deutscher Fallschirmj\u00e4ger e.V.<\/a>\u00a0(BDF) besteht zurzeit aus rund 2.300 Mitgliedern, die in einzelnen Landes- und Ortskameradschaften und Traditions-verb\u00e4nden zusammengefasst sind. Jedes Mitglied des BDF ist zugleich Mitglied in der UEP.<br \/>\nDer BDF ist die Vereinigung von aktiven Soldaten\/Soldatinnen, Reservisten\/ Reservistinnen und Veteranen der deutschen Fallschirmj\u00e4ger- und Luftlandetruppe sowie der Spezial- und Spezialisierten Kr\u00e4fte.<br \/>\nDer Kameradenkreis 1.LLDiv-KLK-DSO-DSK ist mit knapp 600 Mitgliedern, vom Gefreiten bis zum General, die gr\u00f6\u00dfte Untergliederung im Bund Deutscher Fallschirmj\u00e4ger e.V. Unsere Mitglieder sind \u00fcberwiegend ehemalige und aktive Soldaten der Luftlandetruppe der Bundeswehr.<\/p>\n<p><strong>Der Bund Deutscher Fallschirmj\u00e4ger e.V. bekennt sich zum Grundgesetz der Bundesrepublik Deutschland. Er ist unabh\u00e4ngig, \u00fcberparteilich und \u00fcberkonfessionell.<\/strong><br \/>\nDer Bund Deutscher Fallschirmj\u00e4ger ist selbstlos t\u00e4tig. Er ist eine Vereinigung zur selbstlosen Wahrung und F\u00f6rderung seiner ideellen, der Allgemeinheit dienenden Ziele.<\/p>\n<p>Diese sind im Einzelnen:<\/p>\n<ul>\n<li>Unterst\u00fctzung der Soldaten und Truppenteile der aktiven Fsch-, LL- sowie Spezial- und Spezialisierten Kr\u00e4fte<\/li>\n<li>Betreuung von Soldaten\/Soldatinnen \u2013 und Reservisten\/Reservistinnen, insbesondere im Einsatz<\/li>\n<li>Betreuung der Hinterbliebenen gefallener, vermisster und verstorbener Kameraden\/- innen d. Hilfe in Notf\u00e4llen gem\u00e4\u00df dem Statut seines Hilfswerks<\/li>\n<li>Mitarbeit bei der Aufkl\u00e4rung von Vermisstenschicksalen<\/li>\n<li>F\u00f6rderung der V\u00f6lkerverst\u00e4ndigung zur Erhaltung des Weltfriedens<\/li>\n<li>Mitarbeit an der Errichtung und Erhaltung von Soldatenfriedh\u00f6fen, Denk- und Mahnmalen<\/li>\n<li>Arbeit an der Geschichte der deutschen Fallschirmj\u00e4ger- und Luftlandetruppen und Spezialkr\u00e4fte, Unterst\u00fctzung der Einrichtung und des Betriebs eines Fallschirmj\u00e4germuseums<\/li>\n<li>F\u00f6rderung des Fallschirmsports und sonstiger milit\u00e4rischer Aus- und Weiterbildungsma\u00dfnahmen und Wettk\u00e4mpfe<\/li>\n<li>F\u00f6rderung des Verst\u00e4ndnisses und des Zusammenhaltes zwischen den Generationen<\/li>\n<li>F\u00f6rderung der europ\u00e4ischen Zusammenarbeit und des Zusammenwachsens Europas, insbesondere im Rahmen der Europ\u00e4ischen Fallschirmj\u00e4ger Union<\/li>\n<li>Unterst\u00fctzung der sicherheitspolitischen Informationsarbeit<\/li>\n<li>Unterst\u00fctzung der Weiterentwicklung der Luftlande- und Fallschirmtruppe sowie der Spezial- und Spezialisierten Kr\u00e4fte im nationalen-, europ\u00e4ischen- und B\u00fcndnisrahmen<\/li>\n<li>Unterst\u00fctzung der Nachwuchswerbung f\u00fcr die Bundeswehr.<\/li>\n<\/ul>\n","protected":false},"excerpt":{"rendered":"<p>Ziele und Aufgaben BDF Der Bund Deutscher Fallschirmj\u00e4ger e.V.\u00a0(BDF) besteht zurzeit aus rund 2.300 Mitgliedern, die in einzelnen Landes- und Ortskameradschaften und Traditions-verb\u00e4nden zusammengefasst sind. Jedes Mitglied des BDF ist zugleich Mitglied in der UEP. Der BDF ist die Vereinigung von aktiven Soldaten\/Soldatinnen, Reservisten\/ Reservistinnen und Veteranen der deutschen Fallschirmj\u00e4ger- und Luftlandetruppe sowie der Spezial- &hellip; <\/p>\n<p class=\"link-more\"><a href=\"https:\/\/www.kameradenkreis.eu\/?page_id=11\" class=\"more-link\"><span class=\"screen-reader-text\">\u201eBund Deutscher Fallschirmj\u00e4ger\u201c <\/span>weiterlesen<\/a><\/p>\n","protected":false},"author":1,"featured_media":158,"parent":0,"menu_order":10,"comment_status":"closed","ping_status":"closed","template":"","meta":{"footnotes":""},"class_list":["post-11","page","type-page","status-publish","has-post-thumbnail","hentry"],"_links":{"self":[{"href":"https:\/\/www.kameradenkreis.eu\/index.php?rest_route=\/wp\/v2\/pages\/11","targetHints":{"allow":["GET"]}}],"collection":[{"href":"https:\/\/www.kameradenkreis.eu\/index.php?rest_route=\/wp\/v2\/pages"}],"about":[{"href":"https:\/\/www.kameradenkreis.eu\/index.php?rest_route=\/wp\/v2\/types\/page"}],"author":[{"embeddable":true,"href":"https:\/\/www.kameradenkreis.eu\/index.php?rest_route=\/wp\/v2\/users\/1"}],"replies":[{"embeddable":true,"href":"https:\/\/www.kameradenkreis.eu\/index.php?rest_route=%2Fwp%2Fv2%2Fcomments&post=11"}],"version-history":[{"count":3,"href":"https:\/\/www.kameradenkreis.eu\/index.php?rest_route=\/wp\/v2\/pages\/11\/revisions"}],"predecessor-version":[{"id":64,"href":"https:\/\/www.kameradenkreis.eu\/index.php?rest_route=\/wp\/v2\/pages\/11\/revisions\/64"}],"wp:featuredmedia":[{"embeddable":true,"href":"https:\/\/www.kameradenkreis.eu\/index.php?rest_route=\/wp\/v2\/media\/158"}],"wp:attachment":[{"href":"https:\/\/www.kameradenkreis.eu\/index.php?rest_route=%2Fwp%2Fv2%2Fmedia&parent=11"}],"curies":[{"name":"wp","href":"https:\/\/api.w.org\/{rel}","templated":true}]}}