{"id":143,"date":"2017-09-30T15:56:39","date_gmt":"2017-09-30T15:56:39","guid":{"rendered":"http:\/\/www.kameradenkreis.eu\/?page_id=143"},"modified":"2026-01-29T13:16:38","modified_gmt":"2026-01-29T12:16:38","slug":"aktuelles","status":"publish","type":"page","link":"https:\/\/www.kameradenkreis.eu\/?page_id=143","title":{"rendered":"Aktuelles"},"content":{"rendered":"\n<p><\/p>\n\n\n\n<div class=\"wp-block-group\"><div class=\"wp-block-group__inner-container is-layout-flow wp-block-group-is-layout-flow\">\n<div dir=\"auto\" lang=\"de\">\u00a0<\/div>\n<div dir=\"auto\" lang=\"de\">\n<div dir=\"auto\" lang=\"de\">\n<p><span data-offset-key=\"epirb-0-0\"><strong>29.01.2026:<\/strong> Alle Mitglieder m\u00fc\u00dften jetzt den Weihnachtsbrief 2025 inkl. Coin des Kamerdenkreises erhalten haben; teilwiese auch mit Urkunde (mind. 25 Jahre Mitgliedschaft). Sollte dies nicht so sein, bitte bei der Gesch\u00e4fsf\u00fchrung melden. <\/span><\/p>\n<p><span data-offset-key=\"epirb-0-0\">Safe the date: Kameradenkreis Treffen 2026 08.07.-09.07.2026; Infos folgen<\/span><\/p>\n<\/div>\n<div dir=\"auto\" lang=\"de\"><hr \/><\/div>\n<\/div>\n<div dir=\"auto\" lang=\"de\"><span data-offset-key=\"epirb-0-0\"><span data-offset-key=\"epirb-0-0\"><strong>17.09.2025:<\/strong>\u00a0<\/span><\/span>\n<h2 data-start=\"131\" data-end=\"171\">Wahlergebnisse des Kameradenkreises<\/h2>\n<p data-start=\"173\" data-end=\"208\">Liebe Kameradinnen und Kameraden,<\/p>\n<p data-start=\"210\" data-end=\"393\">am vergangenen Wochenende fand die turnusm\u00e4\u00dfige Wahl unseres Kameradenkreises statt. Die Wahl wurde in kameradschaftlicher Atmosph\u00e4re und nach den geltenden Regularien durchgef\u00fchrt.<\/p>\n<p data-start=\"395\" data-end=\"445\">Wir freuen uns, die Ergebnisse bekannt zu geben:<\/p>\n<table>\n<tbody>\n<tr>\n<td width=\"264\">\n<p>1. Kameradschaftsleiter<\/p>\n<\/td>\n<td width=\"340\">\n<p>Generalleutnant a.D. FRITZ<\/p>\n<\/td>\n<\/tr>\n<tr>\n<td width=\"264\">\n<p>2. Stellv. Kameradschaftsleiter und Vertreter aktive Truppe<\/p>\n<\/td>\n<td width=\"340\">\n<p>sichtbar auf &#8222;X&#8220;<\/p>\n<\/td>\n<\/tr>\n<tr>\n<td width=\"264\">\n<p>Gesch\u00e4ftsf\u00fchrer<\/p>\n<\/td>\n<td width=\"340\">\n<p>Oberstleutnant d. Res. SCHMIDT<\/p>\n<\/td>\n<\/tr>\n<tr>\n<td width=\"264\">\n<p>Stellv. Gesch\u00e4ftsf\u00fchrer<\/p>\n<\/td>\n<td width=\"340\">\n<p>sichtbar auf &#8222;X&#8220;<\/p>\n<\/td>\n<\/tr>\n<tr>\n<td width=\"264\">\n<p>Kassenverwalter<\/p>\n<\/td>\n<td width=\"340\">\n<p>sichtbar auf &#8222;X&#8220;<\/p>\n<\/td>\n<\/tr>\n<tr>\n<td width=\"264\">\n<p>BA-Internet<\/p>\n<\/td>\n<td width=\"340\">\n<p>Oberstleutnant d. Res. SCHMIDT<\/p>\n<\/td>\n<\/tr>\n<tr>\n<td width=\"264\">\n<p>BA-Auslandsaktivit\u00e4ten<\/p>\n<\/td>\n<td width=\"340\">\n<p>sichtbar auf &#8222;X&#8220;<\/p>\n<\/td>\n<\/tr>\n<tr>\n<td width=\"264\">\n<p>BA-Chronik<\/p>\n<\/td>\n<td width=\"340\">\n<p>Generalmajor a.D. BERNHARDT<\/p>\n<\/td>\n<\/tr>\n<\/tbody>\n<\/table>\n<p data-start=\"538\" data-end=\"764\">Allen gew\u00e4hlten Kameraden gratulieren wir herzlich. Mit ihrem Engagement, ihrer Erfahrung und ihrem Einsatz werden sie den Kameradenkreis auch in den kommenden Jahren erfolgreich f\u00fchren und weiterentwickeln.<\/p>\n<p data-start=\"766\" data-end=\"937\">Ein besonderer Dank gilt auch den bisherigen Amtsinhabern f\u00fcr ihre wertvolle Arbeit und die Unterst\u00fctzung, die sie unserem Kreis \u00fcber viele Jahre hinweg geleistet haben.<\/p>\n<p data-start=\"939\" data-end=\"1076\">Wir danken allen Mitgliedern f\u00fcr ihre Teilnahme an der Wahl und das damit verbundene Vertrauen in die zuk\u00fcnftige Arbeit des Vorstandes.<\/p>\n<p data-start=\"1078\" data-end=\"1110\">Mit kameradschaftlichen Gr\u00fc\u00dfen<\/p>\n<p data-start=\"1112\" data-end=\"1168\">Torsten Schmidt<br data-start=\"1127\" data-end=\"1130\" \/>Gesch\u00e4ftsf\u00fchrer des Kameradenkreises<\/p>\n<\/div>\n<div dir=\"auto\" lang=\"de\"><hr \/><\/div>\n<div dir=\"auto\" lang=\"de\"><strong>17.09.2025: Altenstadt<\/strong>\n<p>F\u00fcr den Standbetrieb nach dem Appell am 09.10.2025 werden noch 2-3 Kameradinnen oder Kameraden gesucht, die zeitweise den BDF unterst\u00fctzen k\u00f6nnen. Hier bitte ich um eine kurze R\u00fcckmeldung, wer von Ihnen unterst\u00fctzen m\u00f6chte.<\/p>\n<\/div>\n<div dir=\"auto\" lang=\"de\"><hr \/><\/div>\n<p>GL\u00dcCK AB!<\/p>\n<p>Ihr Torsten Schmidt<\/p>\n<hr \/>\n<\/div><\/div>\n\n\n\n<p><\/p>\n","protected":false},"excerpt":{"rendered":"<p>\u00a0 29.01.2026: Alle Mitglieder m\u00fc\u00dften jetzt den Weihnachtsbrief 2025 inkl. Coin des Kamerdenkreises erhalten haben; teilwiese auch mit Urkunde (mind. 25 Jahre Mitgliedschaft). Sollte dies nicht so sein, bitte bei der Gesch\u00e4fsf\u00fchrung melden. Safe the date: Kameradenkreis Treffen 2026 08.07.-09.07.2026; Infos folgen 17.09.2025:\u00a0 Wahlergebnisse des Kameradenkreises Liebe Kameradinnen und Kameraden, am vergangenen Wochenende fand die &hellip; <\/p>\n<p class=\"link-more\"><a href=\"https:\/\/www.kameradenkreis.eu\/?page_id=143\" class=\"more-link\"><span class=\"screen-reader-text\">\u201eAktuelles\u201c <\/span>weiterlesen<\/a><\/p>\n","protected":false},"author":2,"featured_media":70,"parent":0,"menu_order":0,"comment_status":"closed","ping_status":"closed","template":"","meta":{"footnotes":""},"class_list":["post-143","page","type-page","status-publish","has-post-thumbnail","hentry"],"_links":{"self":[{"href":"https:\/\/www.kameradenkreis.eu\/index.php?rest_route=\/wp\/v2\/pages\/143","targetHints":{"allow":["GET"]}}],"collection":[{"href":"https:\/\/www.kameradenkreis.eu\/index.php?rest_route=\/wp\/v2\/pages"}],"about":[{"href":"https:\/\/www.kameradenkreis.eu\/index.php?rest_route=\/wp\/v2\/types\/page"}],"author":[{"embeddable":true,"href":"https:\/\/www.kameradenkreis.eu\/index.php?rest_route=\/wp\/v2\/users\/2"}],"replies":[{"embeddable":true,"href":"https:\/\/www.kameradenkreis.eu\/index.php?rest_route=%2Fwp%2Fv2%2Fcomments&post=143"}],"version-history":[{"count":116,"href":"https:\/\/www.kameradenkreis.eu\/index.php?rest_route=\/wp\/v2\/pages\/143\/revisions"}],"predecessor-version":[{"id":584,"href":"https:\/\/www.kameradenkreis.eu\/index.php?rest_route=\/wp\/v2\/pages\/143\/revisions\/584"}],"wp:featuredmedia":[{"embeddable":true,"href":"https:\/\/www.kameradenkreis.eu\/index.php?rest_route=\/wp\/v2\/media\/70"}],"wp:attachment":[{"href":"https:\/\/www.kameradenkreis.eu\/index.php?rest_route=%2Fwp%2Fv2%2Fmedia&parent=143"}],"curies":[{"name":"wp","href":"https:\/\/api.w.org\/{rel}","templated":true}]}}