{"id":20,"date":"2017-09-12T13:56:49","date_gmt":"2017-09-12T13:56:49","guid":{"rendered":"http:\/\/www.kameradenkreis.eu\/?page_id=20"},"modified":"2023-02-14T08:33:43","modified_gmt":"2023-02-14T07:33:43","slug":"ueber-uns","status":"publish","type":"page","link":"https:\/\/www.kameradenkreis.eu\/","title":{"rendered":"\u00dcber uns"},"content":{"rendered":"<p style=\"text-align: left;\"><strong>Wer wir sind, was wir tun und gute Gr\u00fcnde f\u00fcr einen mitgliederstarken BDF<\/strong><\/p>\n<p style=\"text-align: left;\">Kameradschaftlicher Zusammenhalt, der Zweck unseres Kameradenkreises: Kameradschaftlicher Zusammenhalt zwischen aktiven und ehemaligen Fallschirmj\u00e4gern, Luftlande- und Kommandosoldaten. \u00dcber die Generationen hinweg und zunehmend auch im europ\u00e4ischen und internationalen Rahmen.<\/p>\n<p>Unser Kameradenkreis ist vor \u00fcber 25 Jahren nach Aufl\u00f6sung der 1.Luftlandedivision -zus\u00e4tzlich zu den traditionellen Kameradschaften im Bund Deutscher Fallschirmj\u00e4ger- gegr\u00fcndet worden, um<\/p>\n<ul>\n<li>den Zusammenhalt dieser besonderen Truppe weiter zu wahren<\/li>\n<li>die Verbindungen zu den alten Truppenteilen und ihren Nachfolgern aufrecht und lebendig zu halten<\/li>\n<li>die Weiterentwicklung dieser Truppe zu unterst\u00fctzen und<\/li>\n<li>gleichzeitig ihren R\u00fcckhalt und ihre Unterst\u00fctzung in der \u00d6ffentlichkeit zu verbessern.<\/li>\n<\/ul>\n<p>Hierzu sind im Kameradenkreis\u00a0 neue Formen der Begegnung und vielf\u00e4ltige Aktivit\u00e4ten besonders f\u00fcr die j\u00fcngere Generation entwickelt worden, von der Nutzung des Internet f\u00fcr die unkomplizierte Kommunikation, Treffen bei\u00a0 aktiven Truppenteilen bis hin zur Teilnahme an einzelnen Ausbildungsvorhaben oder Wettbewerben im Ausland und milit\u00e4rhistorischen Exkursionen.<\/p>\n<p>Der w\u00fcrdige Umgang mit der stolzen Tradition dieser Truppe geh\u00f6rt dazu.<\/p>\n<p>Der Kameradenkreis besteht \u00fcberwiegend aus aktiven und ehemaligen Angeh\u00f6rigen der Fallschirmj\u00e4ger\/Luftlandetruppe der Bundeswehr \u2013 insbesondere der ehemaligen 1. Luftlandedivision der Bundeswehr und des Kommandos Luftbewegliche Kr\u00e4fte\/4. Division, ehemals Division f\u00fcr Spezielle Operationen, nunmehr Division f\u00fcr Schnelle Kr\u00e4fte \u2013 sowie Angeh\u00f6rigen der alten Fallschirmtruppe und Freunden und F\u00f6rderern, die sich dieser Truppe besonders verbunden f\u00fchlen.<br \/>Der Kameradenkreis hat \u00fcber\u00f6rtlichen und \u00fcberregionalen Charakter.<br \/>Er ist die gr\u00f6\u00dfte Untergliederung im Bund Deutscher Fallschirmj\u00e4ger mit knapp 600 Mitgliedern aus allen Altersschichten und Dienstgradgruppen.<\/p>\n<p>Unser Ziel ist vor allem, eine enge Verbindung zwischen der aktiven Truppe und den ehemaligen Angeh\u00f6rigen von Fallschirmj\u00e4ger- und Luftlandeverb\u00e4nden zu schaffen bzw. zu halten.<\/p>\n<p>Der Kameradenkreis trifft sich j\u00e4hrlich zu seinem Jahrestreffen an einem Standort der Luftlande-\/Fallschirmj\u00e4gertruppe der Bundeswehr.<br \/>Dar\u00fcber hinaus bieten wir unseren Mitgliedern die M\u00f6glichkeit, an interessanten Vorhaben im In- und Ausland teilzunehmen.<br \/>Im Rahmen der Europ\u00e4ischen Fallschirmj\u00e4ger-Union (U.E.P.) wird auch die internationale Zusammenarbeit weiter gef\u00f6rdert und vertieft.<\/p>\n<p>Wir informieren unsere Mitglieder \u00fcber unsere Zeitschrift \u201eDer Deutsche Fallschirmj\u00e4ger\u201c, die alle zwei Monate erscheint, und \u00fcber zwei bis drei Rundbriefe im Jahr \u00fcber uns, unsere Vorhaben und \u00fcber die Entwicklungen in der aktiven Truppe. Unsere Mitglieder werden umfassend \u00fcber unsere Planungen informiert und k\u00f6nnen an allen Aktivit\u00e4ten teilnehmen.<\/p>\n\n\n<p><strong>Gute Gr\u00fcnde f\u00fcr einen mitgliederstarken BDF<\/strong><\/p>\n\n\n\n<p>Die milit\u00e4rischen Ereignisse mit den politischen Fehleinsch\u00e4tzungen vor der Evakuierung in Afghanistan und dem Angriff Russlands auf die Ukraine haben die Notwendigkeit sofortiger milit\u00e4rischer Reaktionsf\u00e4higkeit erwiesen. Fallschirmj\u00e4ger haben im Zusammenwirken mit Luftwaffe und Heeresfliegern einzigartige F\u00e4higkeiten dazu auch \u00fcber die Grenze Deutschlands hinaus. Die au\u00dfergew\u00f6hnlichen Besonderheiten und Risiken bei Luftlandeeins\u00e4tzen pr\u00e4gen die Fallschirmj\u00e4ger, so auch deren Besonderheiten in Motivation und ausgepr\u00e4gtem kameradschaftlichem Zusammenhalt.<\/p>\n\n\n\n<p>Der Bund Deutscher Fallschirmj\u00e4ger e.V. (BDF) unterst\u00fctzt diesen kameradschaftlichen Zusammenhalt in der Fallschirmj\u00e4gerfamilie \u2013 truppenteil- und generations\u00fcbergreifend und sogar im europ\u00e4ischen Verbund. Das wird kontinuierlich praktiziert in den Orts- und Truppenteilkameradschaften und im Kameradenkreis 1.LLDiv-KLK-DSO-DSK (allein der Name zeigt, welche st\u00e4ndigen Umbr\u00fcche in der aktiven Truppe ein best\u00e4ndiges Element f\u00fcr das Halten von Kontakten erfordert). Das bietet \u201eHeimatgef\u00fchl\u201c, sichert Kommunikation und wechselseitige Unterst\u00fctzung.<\/p>\n\n\n\n<p>Eine andere Funktion des BDF ist ein Alleinstellungsmerkmal und verlangt eine starke Mitgliederbasis, um Geh\u00f6r zu finden. Der BDF ist die einzige zivile Organisation in Deutschland, welche die speziellen Belange der Fallschirmj\u00e4ger unabh\u00e4ngig und auch kritisch mit Kompetenz und Hintergrundwissen in der \u00f6ffentlichen Diskussion und gegen\u00fcber der Bundeswehr (Bw) und der Politik vertreten kann. Das hat er z.B. \u00fcber Jahrzehnte bei den Struktur\u00e4nderungsk\u00e4mpfen getan. Eklatantes Beispiel: die Diskussion um die seltsam-einseitige Ausstellung des Milit\u00e4rhistorischen Museums \u00fcber die Fallschirmj\u00e4gertruppe. \u00d6ffentlich im <em>Der Deutsche Fallschirmj\u00e4ger<\/em> (DDF; Zeitschrift des BDF) sowie in bilateralen Gespr\u00e4chen des BDF in der Bundeswehr, mit Historikern und mit Politikern hat eine sachlich-kritische Auseinandersetzung stattgefunden. Nicht zuletzt auch mangels breiter Mitgliederst\u00e4rke; leider nicht mit durchschlagendem Erfolg. Man wird dann durchaus mit der Frage konfrontiert: \u201ewieviel Mitglieder hat ihr Verein \u00fcberhaupt?\u201c.<\/p>\n\n\n\n<p>Eine weitere Voraussetzung in der \u00f6ffentlichen Diskussion als Ansprechpartner ernstgenommen zu werden, setzt neben einer zahlreichen Mitgliederbasis noch Kompetenz und Glaubw\u00fcrdigkeit voraus. Oft wird man als Fallschirmj\u00e4ger, auch Ehemaliger oder Reservist, in der \u00d6ffentlichkeit quasi als Fachmann in Sachen Milit\u00e4r und Luftlandetruppe befragt. Durch vielf\u00e4ltige M\u00f6glichkeiten wird im BDF daf\u00fcr gesorgt, dass Bundesleitung und Mitglieder \u00fcber eine solide Informationsbasis verf\u00fcgen, um kompetent und glaubw\u00fcrdig argumentieren zu k\u00f6nnen und nicht nur als Sprachrohr einer gerade mal aktuellen politisch opportunen Leitlinie (die sich in den letzten Jahren leider mehrfach als falsch erwiesen hat). Daf\u00fcr wird durch die Zeitschrift \u201eDer Deutsche Fallschirmj\u00e4ger\u201c, durch die Homepage www.fschjgbund.de und durch Truppenbesuche und Informationsveranstaltungen gesorgt.<\/p>\n\n\n\n<p>Aber Theorie wird erfahrungsgem\u00e4\u00df getoppt durch Handeln. Schie\u00dfen, Fallschirmspringen und milit\u00e4rische Wettk\u00e4mpfe erm\u00f6glicht der BDF auch Ehemaligen und Reservisten durch eigene Veranstaltungen und Kontakte zu anderen durchf\u00fchrenden Organisationen. Wegen der hohen b\u00fcrokratischen H\u00fcrden in Deutschland vermittelt der BDF auch Veranstaltungen im Ausland.<\/p>\n\n\n\n<p>Der Vorteil des BDF ist dabei, dass er in Europa \u00fcber die Union der Europ\u00e4ischen Fallschirmj\u00e4ger (U.E.P.) mit den Fallschirmj\u00e4gervereinigungen in 10 Nationen vernetzt ist. Bei den j\u00e4hrlichen Kongressen auf Leitungsebene wird neben dem Informationsaustausch auch gekl\u00e4rt, zu welchen Aktivit\u00e4ten die Mitglieder der anderen U.E.P.-Nationen im Folgejahr eingeladen sind. Das kann z.B. bei nationalen Jubil\u00e4en, Gedenktagen oder milit\u00e4rischen Wettk\u00e4mpfen von Portugal bis Ungarn sein.<\/p>\n\n\n\n<p>In diesem Rahmen haben sich im Laufe der Jahrzehnte auch bilaterale Beziehungen\/Partnerschaften einzelner Kameradschaften des BDF mit wechselseitigen Treffen in Europ\u00e4ische L\u00e4nder ergeben, z.B. in Frankreich, Italien, Belgien, Polen, Ungarn, \u2026<\/p>\n\n\n\n<p>Und wenn dann noch die Frage auftaucht \u201ewas bringt mir der BDF?\u201c, dann muss auf das \u201eFallschirmj\u00e4gerhilfswerk des BDF\u201c verwiesen werden, das BDF-Mitglieder und Fallschirmj\u00e4ger mit deren Familien im Notfall wirkungsvoll unterst\u00fctzen kann. Weiterhin muss auf die M\u00f6glichkeit des BDF zur Nutzung von Zusch\u00fcssen aus der \u201eHempel-Stiftung\u201c f\u00fcr festgelegte Zwecke, wie zum Beispiel bei der Fallschirmj\u00e4gerfreizeit verwiesen werden. Und nicht zuletzt kann jedes Mitglied des BDF die Leistungen und Verg\u00fcnstigungen des \u201eBundeswehrsozialwerks\u201c (z.B. dessen g\u00fcnstige Urlaubsangebote im In- und Ausland) in Anspruch nehmen, denn dieses wird vom BDF j\u00e4hrlich mit einer vierstelligen Summe unterst\u00fctzt.<\/p>\n\n\n\n<p>Also: der BDF ist nicht nur als generations\u00fcbergreifende \u201eHeimat\u201c interessant f\u00fcr alle Fallschirmj\u00e4ger der Bundeswehr, egal ob Aktiver, Reservist oder Ehemaliger. Er ist dar\u00fcber hinaus unabdingbar f\u00fcr alle Fallschirmj\u00e4ger zur unabh\u00e4ngigen Vertretung der Interessen der Fallschirmj\u00e4gertruppe.<\/p>\n\n\n\n<p>WIR HALTEN ZUSAMMEN \u2013 WIR SIND INFORMIERT <\/p>\n\n\n\n<p>WIR SIND AKTIV \u2013 WIR SIND INTERNATIONAL<\/p>\n\n\n\n<p><strong>Deshalb: <\/strong><\/p>\n\n\n\n<p><strong>Werde Mitglied im BDF \u2013 werde Mitglied im Kameradenkreis 1.LLDiv-KLK-DSO-DSK<\/strong><\/p>\n\n\n\n<figure class=\"wp-block-image size-large\"><img loading=\"lazy\" decoding=\"async\" width=\"1024\" height=\"684\" src=\"https:\/\/www.kameradenkreis.eu\/wp-content\/uploads\/2023\/02\/Wir-halten-zusammen-1-Bundestreffen-2013-1024x684.jpg\" alt=\"\" class=\"wp-image-479\" srcset=\"https:\/\/www.kameradenkreis.eu\/wp-content\/uploads\/2023\/02\/Wir-halten-zusammen-1-Bundestreffen-2013-1024x684.jpg 1024w, https:\/\/www.kameradenkreis.eu\/wp-content\/uploads\/2023\/02\/Wir-halten-zusammen-1-Bundestreffen-2013-300x200.jpg 300w, https:\/\/www.kameradenkreis.eu\/wp-content\/uploads\/2023\/02\/Wir-halten-zusammen-1-Bundestreffen-2013-768x513.jpg 768w, https:\/\/www.kameradenkreis.eu\/wp-content\/uploads\/2023\/02\/Wir-halten-zusammen-1-Bundestreffen-2013-1536x1026.jpg 1536w, https:\/\/www.kameradenkreis.eu\/wp-content\/uploads\/2023\/02\/Wir-halten-zusammen-1-Bundestreffen-2013-2048x1368.jpg 2048w\" sizes=\"auto, (max-width: 767px) 89vw, (max-width: 1000px) 54vw, (max-width: 1071px) 543px, 580px\" \/><figcaption class=\"wp-element-caption\">Bundestreffen BDF<\/figcaption><\/figure>\n\n\n\n<figure class=\"wp-block-image size-large\"><img loading=\"lazy\" decoding=\"async\" width=\"1024\" height=\"892\" src=\"https:\/\/www.kameradenkreis.eu\/wp-content\/uploads\/2023\/02\/wir-halten-zusammen-2-1024x892.jpg\" alt=\"\" class=\"wp-image-480\" srcset=\"https:\/\/www.kameradenkreis.eu\/wp-content\/uploads\/2023\/02\/wir-halten-zusammen-2-1024x892.jpg 1024w, https:\/\/www.kameradenkreis.eu\/wp-content\/uploads\/2023\/02\/wir-halten-zusammen-2-300x261.jpg 300w, https:\/\/www.kameradenkreis.eu\/wp-content\/uploads\/2023\/02\/wir-halten-zusammen-2-768x669.jpg 768w, https:\/\/www.kameradenkreis.eu\/wp-content\/uploads\/2023\/02\/wir-halten-zusammen-2-1536x1338.jpg 1536w, https:\/\/www.kameradenkreis.eu\/wp-content\/uploads\/2023\/02\/wir-halten-zusammen-2-2048x1783.jpg 2048w\" sizes=\"auto, (max-width: 767px) 89vw, (max-width: 1000px) 54vw, (max-width: 1071px) 543px, 580px\" \/><\/figure>\n\n\n\n<p>Bilder und Text (Gr\u00fcnde BDF) Oehler; ge\u00e4ndert Schmidt<\/p>\n","protected":false},"excerpt":{"rendered":"<p>Wer wir sind, was wir tun und gute Gr\u00fcnde f\u00fcr einen mitgliederstarken BDF Kameradschaftlicher Zusammenhalt, der Zweck unseres Kameradenkreises: Kameradschaftlicher Zusammenhalt zwischen aktiven und ehemaligen Fallschirmj\u00e4gern, Luftlande- und Kommandosoldaten. \u00dcber die Generationen hinweg und zunehmend auch im europ\u00e4ischen und internationalen Rahmen. Unser Kameradenkreis ist vor \u00fcber 25 Jahren nach Aufl\u00f6sung der 1.Luftlandedivision -zus\u00e4tzlich zu den &hellip; <\/p>\n<p class=\"link-more\"><a href=\"https:\/\/www.kameradenkreis.eu\/\" class=\"more-link\"><span class=\"screen-reader-text\">\u201e\u00dcber uns\u201c <\/span>weiterlesen<\/a><\/p>\n","protected":false},"author":1,"featured_media":0,"parent":0,"menu_order":30,"comment_status":"closed","ping_status":"closed","template":"","meta":{"footnotes":""},"class_list":["post-20","page","type-page","status-publish","hentry"],"_links":{"self":[{"href":"https:\/\/www.kameradenkreis.eu\/index.php?rest_route=\/wp\/v2\/pages\/20","targetHints":{"allow":["GET"]}}],"collection":[{"href":"https:\/\/www.kameradenkreis.eu\/index.php?rest_route=\/wp\/v2\/pages"}],"about":[{"href":"https:\/\/www.kameradenkreis.eu\/index.php?rest_route=\/wp\/v2\/types\/page"}],"author":[{"embeddable":true,"href":"https:\/\/www.kameradenkreis.eu\/index.php?rest_route=\/wp\/v2\/users\/1"}],"replies":[{"embeddable":true,"href":"https:\/\/www.kameradenkreis.eu\/index.php?rest_route=%2Fwp%2Fv2%2Fcomments&post=20"}],"version-history":[{"count":14,"href":"https:\/\/www.kameradenkreis.eu\/index.php?rest_route=\/wp\/v2\/pages\/20\/revisions"}],"predecessor-version":[{"id":482,"href":"https:\/\/www.kameradenkreis.eu\/index.php?rest_route=\/wp\/v2\/pages\/20\/revisions\/482"}],"wp:attachment":[{"href":"https:\/\/www.kameradenkreis.eu\/index.php?rest_route=%2Fwp%2Fv2%2Fmedia&parent=20"}],"curies":[{"name":"wp","href":"https:\/\/api.w.org\/{rel}","templated":true}]}}