{"id":22,"date":"2017-09-12T13:58:02","date_gmt":"2017-09-12T13:58:02","guid":{"rendered":"http:\/\/www.kameradenkreis.eu\/?page_id=22"},"modified":"2025-09-26T20:17:26","modified_gmt":"2025-09-26T18:17:26","slug":"mitglied-werden","status":"publish","type":"page","link":"https:\/\/www.kameradenkreis.eu\/?page_id=22","title":{"rendered":"Mitglied werden"},"content":{"rendered":"<p><em>Beitrittserkl\u00e4rung<\/em><br \/>\nUnter folgendem Link <a href=\"https:\/\/www.kameradenkreis.eu\/wp-content\/uploads\/2025\/09\/Beitrittserklaerung-KamKreis-V-09-2025-2.pdf\">Beitrittserkl\u00e4rung<\/a> finden Sie unseren aktuellen Antrag im PDF-Format. Sie k\u00f6nnen die Beitrittserkl\u00e4rung auf Ihrem Rechner ausf\u00fcllen , ausdrucken und dann unterzeichnen; alternativ ausdrucken und dann handschriftlich ausf\u00fcllen. Nachdem Sie die Beitrittserkl\u00e4rung an uns geschickt haben, erhalten Sie eine Best\u00e4tigung per E-Mail sowie einem kleinen &#8222;Willkommenspaket&#8220;. Alternativ senden Sie uns bitte eine Nachricht (oder rufen uns an), dann erhalten Sie die Beitrittserkl\u00e4rung auf dem Postweg (inkl. R\u00fcckporto)!<\/p>\n<p><em>Gesch\u00e4ftsstelle<\/em><br \/>\nWeitere Informationen \u00fcber die Mitgliedschaft erhalten Sie \u00fcber die Gesch\u00e4ftsstelle des Kameradenkreises unter folgender Anschrift:<\/p>\n<p>Kameradenkreis 1. Luftlandedivision\/KLK\/DSO\/DSK<br \/>\nim Bund Deutscher Fallschirmj\u00e4ger e.V.<br \/>\nTorsten Schmidt<br \/>\nPostfach 20 00 68<br \/>\n30920 Seelze<br \/>\nTel. 05 11 \u2013 60 01 30 96<br \/>\nFax 05 11 \u2013 5 90 67 36<\/p>\n<p>Oder per E-Mail:<br \/>\n1.lldiv-klk-dso-dsk(at)kameradenkreis(Punkt)eu<\/p>\n","protected":false},"excerpt":{"rendered":"<p>Beitrittserkl\u00e4rung Unter folgendem Link Beitrittserkl\u00e4rung finden Sie unseren aktuellen Antrag im PDF-Format. Sie k\u00f6nnen die Beitrittserkl\u00e4rung auf Ihrem Rechner ausf\u00fcllen , ausdrucken und dann unterzeichnen; alternativ ausdrucken und dann handschriftlich ausf\u00fcllen. Nachdem Sie die Beitrittserkl\u00e4rung an uns geschickt haben, erhalten Sie eine Best\u00e4tigung per E-Mail sowie einem kleinen &#8222;Willkommenspaket&#8220;. Alternativ senden Sie uns bitte eine &hellip; <\/p>\n<p class=\"link-more\"><a href=\"https:\/\/www.kameradenkreis.eu\/?page_id=22\" class=\"more-link\"><span class=\"screen-reader-text\">\u201eMitglied werden\u201c <\/span>weiterlesen<\/a><\/p>\n","protected":false},"author":1,"featured_media":0,"parent":0,"menu_order":40,"comment_status":"closed","ping_status":"closed","template":"","meta":{"footnotes":""},"class_list":["post-22","page","type-page","status-publish","hentry"],"_links":{"self":[{"href":"https:\/\/www.kameradenkreis.eu\/index.php?rest_route=\/wp\/v2\/pages\/22","targetHints":{"allow":["GET"]}}],"collection":[{"href":"https:\/\/www.kameradenkreis.eu\/index.php?rest_route=\/wp\/v2\/pages"}],"about":[{"href":"https:\/\/www.kameradenkreis.eu\/index.php?rest_route=\/wp\/v2\/types\/page"}],"author":[{"embeddable":true,"href":"https:\/\/www.kameradenkreis.eu\/index.php?rest_route=\/wp\/v2\/users\/1"}],"replies":[{"embeddable":true,"href":"https:\/\/www.kameradenkreis.eu\/index.php?rest_route=%2Fwp%2Fv2%2Fcomments&post=22"}],"version-history":[{"count":13,"href":"https:\/\/www.kameradenkreis.eu\/index.php?rest_route=\/wp\/v2\/pages\/22\/revisions"}],"predecessor-version":[{"id":590,"href":"https:\/\/www.kameradenkreis.eu\/index.php?rest_route=\/wp\/v2\/pages\/22\/revisions\/590"}],"wp:attachment":[{"href":"https:\/\/www.kameradenkreis.eu\/index.php?rest_route=%2Fwp%2Fv2%2Fmedia&parent=22"}],"curies":[{"name":"wp","href":"https:\/\/api.w.org\/{rel}","templated":true}]}}