{"id":49,"date":"2017-09-12T15:17:08","date_gmt":"2017-09-12T15:17:08","guid":{"rendered":"http:\/\/www.kameradenkreis.eu\/?page_id=49"},"modified":"2026-01-29T13:28:33","modified_gmt":"2026-01-29T12:28:33","slug":"veranstaltungen","status":"publish","type":"page","link":"https:\/\/www.kameradenkreis.eu\/?page_id=49","title":{"rendered":"Veranstaltungen"},"content":{"rendered":"<p>07.10.-11.10.2026 BDF: U.E.P.-Konferenz in Alcala de Henares (ausgew\u00e4hlte Teilnehmer)<\/p>\n<p>08.10.2026 Tag der Fallschirmj\u00e4ger<\/p>\n<p>05.09.-06.09.2026 BDF: Flugplatzfest Berlin-Gatow \u201eTag der Reservisten\u201c<\/p>\n<p>09.2026 BDF: FschJg Freizeit (Einladung folgt)<\/p>\n<p>08.07.-09. 07. 2026 Tag der Infanterie in Hammelburg (und ev. gleichzeitiges Jahrestreffen Kameradenkreis)<\/p>\n<p>06.2026 BDF:\u00a0 70 Jahre Luftlande-\/ Lufttransportschule in Altenstadt<\/p>\n<p>05.2026 BDF: 21.\u201327. Mai 2026 Kreta Reise; Meldung bis 13.02.2026 an GBL<\/p>\n<p>05.2026 BDF: Cassino-Reise<\/p>\n<p>04.2026 BDF: U.E.P.-Freifallmeisterschaft in Alcantarilla<\/p>\n<p>03.2026 BDF Bundesversammlung (ausgew\u00e4hlte Teilnehmer)<\/p>\n<p>&#8212;&#8212;&#8212;&#8212;&#8212;&#8212;-<\/p>\n<p><strong>Weitere<\/strong> geplante Vorhaben BDF e.V.\u00a0 und Kameradenkreis werden auf\u00a0 twitter\/X.com oder hier unter &#8222;Aktuelles&#8220; mitgeteilt.<\/p>\n<p>Weitere -nicht von uns organisierte- internationale Wettkampfveranstaltungen (Fallschirm, Laufen, Marsch, Schie\u00dfen,&#8230;) gerne auf Anfrage bei der Gesch\u00e4ftsf\u00fchrung.<\/p>\n<p><strong>Bitte beachten: Termin\u00e4nderungen bitte der Gesch\u00e4ftsf\u00fchrung melden!<\/strong><\/p>\n<p>Anmeldungen f\u00fcr Veranstaltungen oder weitere Termine k\u00f6nnen der Gesch\u00e4ftsstelle<br \/>\nper Telefon 05 11 \u2013 60 01 30 96, Fax 05 11 \u2013 5 90 67 36 oder E-Mail:<br \/>\n1.lldiv-klk-dso-dsk(at)kameradenkreis(Punkt)eu gemeldet werden.<\/p>\n<p>KAMERADEN! Macht Gebrauch von der M\u00f6glichkeit, Termine zu ver\u00f6ffentlichen!<br \/>\nTage der offenen T\u00fcr, Jubil\u00e4umsveranstaltungen etc. dienen auch der Kameradschaftspflege.<\/p>\n","protected":false},"excerpt":{"rendered":"<p>07.10.-11.10.2026 BDF: U.E.P.-Konferenz in Alcala de Henares (ausgew\u00e4hlte Teilnehmer) 08.10.2026 Tag der Fallschirmj\u00e4ger 05.09.-06.09.2026 BDF: Flugplatzfest Berlin-Gatow \u201eTag der Reservisten\u201c 09.2026 BDF: FschJg Freizeit (Einladung folgt) 08.07.-09. 07. 2026 Tag der Infanterie in Hammelburg (und ev. gleichzeitiges Jahrestreffen Kameradenkreis) 06.2026 BDF:\u00a0 70 Jahre Luftlande-\/ Lufttransportschule in Altenstadt 05.2026 BDF: 21.\u201327. Mai 2026 Kreta Reise; Meldung &hellip; <\/p>\n<p class=\"link-more\"><a href=\"https:\/\/www.kameradenkreis.eu\/?page_id=49\" class=\"more-link\"><span class=\"screen-reader-text\">\u201eVeranstaltungen\u201c <\/span>weiterlesen<\/a><\/p>\n","protected":false},"author":2,"featured_media":0,"parent":0,"menu_order":0,"comment_status":"closed","ping_status":"closed","template":"","meta":{"footnotes":""},"class_list":["post-49","page","type-page","status-publish","hentry"],"_links":{"self":[{"href":"https:\/\/www.kameradenkreis.eu\/index.php?rest_route=\/wp\/v2\/pages\/49","targetHints":{"allow":["GET"]}}],"collection":[{"href":"https:\/\/www.kameradenkreis.eu\/index.php?rest_route=\/wp\/v2\/pages"}],"about":[{"href":"https:\/\/www.kameradenkreis.eu\/index.php?rest_route=\/wp\/v2\/types\/page"}],"author":[{"embeddable":true,"href":"https:\/\/www.kameradenkreis.eu\/index.php?rest_route=\/wp\/v2\/users\/2"}],"replies":[{"embeddable":true,"href":"https:\/\/www.kameradenkreis.eu\/index.php?rest_route=%2Fwp%2Fv2%2Fcomments&post=49"}],"version-history":[{"count":44,"href":"https:\/\/www.kameradenkreis.eu\/index.php?rest_route=\/wp\/v2\/pages\/49\/revisions"}],"predecessor-version":[{"id":586,"href":"https:\/\/www.kameradenkreis.eu\/index.php?rest_route=\/wp\/v2\/pages\/49\/revisions\/586"}],"wp:attachment":[{"href":"https:\/\/www.kameradenkreis.eu\/index.php?rest_route=%2Fwp%2Fv2%2Fmedia&parent=49"}],"curies":[{"name":"wp","href":"https:\/\/api.w.org\/{rel}","templated":true}]}}