{"id":65,"date":"2017-09-26T10:44:50","date_gmt":"2017-09-26T10:44:50","guid":{"rendered":"http:\/\/www.kameradenkreis.eu\/?page_id=65"},"modified":"2017-10-01T11:56:20","modified_gmt":"2017-10-01T11:56:20","slug":"union-europaeischer-fallschirmjaeger","status":"publish","type":"page","link":"https:\/\/www.kameradenkreis.eu\/?page_id=65","title":{"rendered":"Union Europ\u00e4ischer Fallschirmj\u00e4ger"},"content":{"rendered":"<h1>UNION EUROP\u00c4ISCHER FALLSCHIRMJ\u00c4GER (U.E.P.)<\/h1>\n<p>In der UNION EUROP\u00c4ISCHER FALLSCHIRMJ\u00c4GER (U.E.P.) haben sich die FschJg- und Spezialkr\u00e4fte Vereinigungen aus BELGIEN, DEUTSCHLAND, FRANKREICH, GRIECHENLAND, ITALIEN, \u00d6STERREICH, POLEN, PORTUGAL, SPANIEN, UNGARN und ZYPERN zusammengeschlossen. Die UEP hat insgesamt rund 42.000 Mitglieder.<\/p>\n<p><strong>Zielsetzung U.E.P.<\/strong><\/p>\n<p>1.<br \/>\nUnabh\u00e4ngig von politischen oder religi\u00f6sen Weltanschauungen bilden die traditionellen Werte der Fallschirmj\u00e4ger aller Generation die Grundlage f\u00fcr die U.E.P.<\/p>\n<p>2.<br \/>\nDie U.E.P. unterst\u00fctzt alle Bestrebungen zum Aufbau eines vereinten Europas im Rahmen der freien Welt.<\/p>\n<p>3.<br \/>\nDie U.E.P. beteiligt sich an den gro\u00dfen milit\u00e4rischen Veranstaltungen, in denen die milit\u00e4rischen Traditionen der europ\u00e4ischen Staaten fortleben und die der jungen Generation den auf Ehre und Pflichterf\u00fcllung beruhenden Geist der Fallschirmj\u00e4ger vermitteln sollen.<\/p>\n<p>4.<br \/>\nSie veranlasst und koordiniert alle Ma\u00dfnahmen, die darauf abzielen, den Zusammenhalt und die Solidarit\u00e4t der Mitglieder untereinander zu f\u00f6rdern.<\/p>\n<p>5.<br \/>\nDie U.E.P. mischt sich in keinem Fall in die Angelegenheiten der unter ihrem Dach zusammengeschlossenen Verb\u00e4nde ein.<\/p>\n","protected":false},"excerpt":{"rendered":"<p>UNION EUROP\u00c4ISCHER FALLSCHIRMJ\u00c4GER (U.E.P.) In der UNION EUROP\u00c4ISCHER FALLSCHIRMJ\u00c4GER (U.E.P.) haben sich die FschJg- und Spezialkr\u00e4fte Vereinigungen aus BELGIEN, DEUTSCHLAND, FRANKREICH, GRIECHENLAND, ITALIEN, \u00d6STERREICH, POLEN, PORTUGAL, SPANIEN, UNGARN und ZYPERN zusammengeschlossen. Die UEP hat insgesamt rund 42.000 Mitglieder. Zielsetzung U.E.P. 1. Unabh\u00e4ngig von politischen oder religi\u00f6sen Weltanschauungen bilden die traditionellen Werte der Fallschirmj\u00e4ger aller Generation &hellip; <\/p>\n<p class=\"link-more\"><a href=\"https:\/\/www.kameradenkreis.eu\/?page_id=65\" class=\"more-link\"><span class=\"screen-reader-text\">\u201eUnion Europ\u00e4ischer Fallschirmj\u00e4ger\u201c <\/span>weiterlesen<\/a><\/p>\n","protected":false},"author":1,"featured_media":131,"parent":0,"menu_order":25,"comment_status":"closed","ping_status":"closed","template":"","meta":{"footnotes":""},"class_list":["post-65","page","type-page","status-publish","has-post-thumbnail","hentry"],"_links":{"self":[{"href":"https:\/\/www.kameradenkreis.eu\/index.php?rest_route=\/wp\/v2\/pages\/65","targetHints":{"allow":["GET"]}}],"collection":[{"href":"https:\/\/www.kameradenkreis.eu\/index.php?rest_route=\/wp\/v2\/pages"}],"about":[{"href":"https:\/\/www.kameradenkreis.eu\/index.php?rest_route=\/wp\/v2\/types\/page"}],"author":[{"embeddable":true,"href":"https:\/\/www.kameradenkreis.eu\/index.php?rest_route=\/wp\/v2\/users\/1"}],"replies":[{"embeddable":true,"href":"https:\/\/www.kameradenkreis.eu\/index.php?rest_route=%2Fwp%2Fv2%2Fcomments&post=65"}],"version-history":[{"count":1,"href":"https:\/\/www.kameradenkreis.eu\/index.php?rest_route=\/wp\/v2\/pages\/65\/revisions"}],"predecessor-version":[{"id":66,"href":"https:\/\/www.kameradenkreis.eu\/index.php?rest_route=\/wp\/v2\/pages\/65\/revisions\/66"}],"wp:featuredmedia":[{"embeddable":true,"href":"https:\/\/www.kameradenkreis.eu\/index.php?rest_route=\/wp\/v2\/media\/131"}],"wp:attachment":[{"href":"https:\/\/www.kameradenkreis.eu\/index.php?rest_route=%2Fwp%2Fv2%2Fmedia&parent=65"}],"curies":[{"name":"wp","href":"https:\/\/api.w.org\/{rel}","templated":true}]}}